{"id":9,"date":"2022-05-04T14:20:47","date_gmt":"2022-05-04T14:20:47","guid":{"rendered":"https:\/\/de1.suche.digital\/heimatschwein\/?page_id=9"},"modified":"2022-08-31T18:54:15","modified_gmt":"2022-08-31T16:54:15","slug":"impressum","status":"publish","type":"page","link":"https:\/\/vorher.heimatschwein.de\/?page_id=9","title":{"rendered":"Impressum"},"content":{"rendered":"\t\t<div data-elementor-type=\"wp-page\" data-elementor-id=\"9\" class=\"elementor elementor-9\">\n\t\t\t\t\t\t\t\t\t<section class=\"elementor-section elementor-top-section elementor-element elementor-element-c36f4da elementor-section-boxed elementor-section-height-default elementor-section-height-default\" data-id=\"c36f4da\" data-element_type=\"section\">\n\t\t\t\t\t\t<div class=\"elementor-container elementor-column-gap-default\">\n\t\t\t\t\t<div class=\"elementor-column elementor-col-50 elementor-top-column elementor-element elementor-element-58f7ac3b\" data-id=\"58f7ac3b\" data-element_type=\"column\">\n\t\t\t<div class=\"elementor-widget-wrap elementor-element-populated\">\n\t\t\t\t\t\t\t\t<div class=\"elementor-element elementor-element-125fa98d elementor-widget elementor-widget-image\" data-id=\"125fa98d\" data-element_type=\"widget\" data-widget_type=\"image.default\">\n\t\t\t\t<div class=\"elementor-widget-container\">\n\t\t\t<style>\/*! elementor - v3.7.2 - 21-08-2022 *\/\n.elementor-widget-image{text-align:center}.elementor-widget-image a{display:inline-block}.elementor-widget-image a img[src$=\".svg\"]{width:48px}.elementor-widget-image img{vertical-align:middle;display:inline-block}<\/style>\t\t\t\t\t\t\t\t\t\t\t\t<img width=\"768\" height=\"1024\" src=\"https:\/\/vorher.heimatschwein.de\/server\/uploads\/sites\/3\/schnute-768x1024.jpg\" class=\"attachment-large size-large\" alt=\"\" loading=\"lazy\" srcset=\"https:\/\/vorher.heimatschwein.de\/server\/uploads\/sites\/3\/schnute-768x1024.jpg 768w, https:\/\/vorher.heimatschwein.de\/server\/uploads\/sites\/3\/schnute-225x300.jpg 225w, https:\/\/vorher.heimatschwein.de\/server\/uploads\/sites\/3\/schnute-1152x1536.jpg 1152w, https:\/\/vorher.heimatschwein.de\/server\/uploads\/sites\/3\/schnute.jpg 1200w\" sizes=\"(max-width: 768px) 100vw, 768px\" \/>\t\t\t\t\t\t\t\t\t\t\t\t\t\t\t<\/div>\n\t\t\t\t<\/div>\n\t\t\t\t\t<\/div>\n\t\t<\/div>\n\t\t\t\t<div class=\"elementor-column elementor-col-50 elementor-top-column elementor-element elementor-element-148976fb\" data-id=\"148976fb\" data-element_type=\"column\" data-settings=\"{&quot;background_background&quot;:&quot;classic&quot;}\">\n\t\t\t<div class=\"elementor-widget-wrap elementor-element-populated\">\n\t\t\t\t\t\t\t\t<div class=\"elementor-element elementor-element-7ffbc53f elementor-widget elementor-widget-heading\" data-id=\"7ffbc53f\" data-element_type=\"widget\" data-widget_type=\"heading.default\">\n\t\t\t\t<div class=\"elementor-widget-container\">\n\t\t\t<style>\/*! elementor - v3.7.2 - 21-08-2022 *\/\n.elementor-heading-title{padding:0;margin:0;line-height:1}.elementor-widget-heading .elementor-heading-title[class*=elementor-size-]>a{color:inherit;font-size:inherit;line-height:inherit}.elementor-widget-heading .elementor-heading-title.elementor-size-small{font-size:15px}.elementor-widget-heading .elementor-heading-title.elementor-size-medium{font-size:19px}.elementor-widget-heading .elementor-heading-title.elementor-size-large{font-size:29px}.elementor-widget-heading .elementor-heading-title.elementor-size-xl{font-size:39px}.elementor-widget-heading .elementor-heading-title.elementor-size-xxl{font-size:59px}<\/style><h2 class=\"elementor-heading-title elementor-size-default\">IMPRESSUM<\/h2>\t\t<\/div>\n\t\t\t\t<\/div>\n\t\t\t\t<div class=\"elementor-element elementor-element-673848dc elementor-widget elementor-widget-text-editor\" data-id=\"673848dc\" data-element_type=\"widget\" data-widget_type=\"text-editor.default\">\n\t\t\t\t<div class=\"elementor-widget-container\">\n\t\t\t<style>\/*! elementor - v3.7.2 - 21-08-2022 *\/\n.elementor-widget-text-editor.elementor-drop-cap-view-stacked .elementor-drop-cap{background-color:#818a91;color:#fff}.elementor-widget-text-editor.elementor-drop-cap-view-framed .elementor-drop-cap{color:#818a91;border:3px solid;background-color:transparent}.elementor-widget-text-editor:not(.elementor-drop-cap-view-default) .elementor-drop-cap{margin-top:8px}.elementor-widget-text-editor:not(.elementor-drop-cap-view-default) .elementor-drop-cap-letter{width:1em;height:1em}.elementor-widget-text-editor .elementor-drop-cap{float:left;text-align:center;line-height:1;font-size:50px}.elementor-widget-text-editor .elementor-drop-cap-letter{display:inline-block}<\/style>\t\t\t\t<b>HEIMATSCHWEIN<\/b><br>\n<strong>Siebenb\u00e4umen<\/strong><br>\n\u2014\u2014\u2014\u2014\u2014\u2014\u2014\u2014\u2014\u2014\u2014\u2014\u2014\u2014\u2014\u2014\u2013\n<br>\nInken Burmester<br>\nAhrensfelder Str. 6<br>\n<br>\n23847 Siebenb\u00e4umen<br>\n<br><br>\nTelefon + WhatsApp: 04501 &#8211; 8999 799<br>\nE-Mail: info@heimatschwein.de<br>\nWeb: heimatschwein.de<br><br>\n\nVerantwortlicher i. S. d. \u00a7 5 TMG \/ \u00a710 MDStV:\nInken Burmester\n\nHinweis gem\u00e4\u00df \u00a736 Verbraucherstreitbeilegungsgesetz (VSBG):\nDer Verk\u00e4ufer\/Auftragnehmer wird nicht an einem Streitbeilegungsverfahren\nvor einer Verbraucherschlichtungsstelle im Sinne des VSBG teilnehmen und\nist hierzu auch nicht verpflichtet.\nPlattform der EU-Kommission zur Online-Streitbeilegung:\n<a href=\"https:\/\/www.ec.europa.eu\/consumers\/odr\">www.ec.europa.eu\/consumers\/odr<\/a>\t\t\t\t\t\t<\/div>\n\t\t\t\t<\/div>\n\t\t\t\t\t<\/div>\n\t\t<\/div>\n\t\t\t\t\t\t\t<\/div>\n\t\t<\/section>\n\t\t\t\t<section class=\"elementor-section elementor-top-section elementor-element elementor-element-c9e659c elementor-section-boxed elementor-section-height-default elementor-section-height-default\" data-id=\"c9e659c\" data-element_type=\"section\">\n\t\t\t\t\t\t<div class=\"elementor-container elementor-column-gap-default\">\n\t\t\t\t\t<div class=\"elementor-column elementor-col-50 elementor-top-column elementor-element elementor-element-9ae61bf\" data-id=\"9ae61bf\" data-element_type=\"column\">\n\t\t\t<div class=\"elementor-widget-wrap\">\n\t\t\t\t\t\t\t\t\t<\/div>\n\t\t<\/div>\n\t\t\t\t<div class=\"elementor-column elementor-col-50 elementor-top-column elementor-element elementor-element-75924a00\" data-id=\"75924a00\" data-element_type=\"column\" data-settings=\"{&quot;background_background&quot;:&quot;classic&quot;}\">\n\t\t\t<div class=\"elementor-widget-wrap elementor-element-populated\">\n\t\t\t\t\t\t\t\t<div class=\"elementor-element elementor-element-1acec334 elementor-widget elementor-widget-heading\" data-id=\"1acec334\" data-element_type=\"widget\" data-widget_type=\"heading.default\">\n\t\t\t\t<div class=\"elementor-widget-container\">\n\t\t\t<h2 class=\"elementor-heading-title elementor-size-default\">Bildnachweise<\/h2>\t\t<\/div>\n\t\t\t\t<\/div>\n\t\t\t\t<div class=\"elementor-element elementor-element-6f7cc065 elementor-widget elementor-widget-text-editor\" data-id=\"6f7cc065\" data-element_type=\"widget\" data-widget_type=\"text-editor.default\">\n\t\t\t\t<div class=\"elementor-widget-container\">\n\t\t\t\t\t\t\t<p>Bild-ID: <a href=\"https:\/\/www.shutterstock.com\/image-photo\/sunrise-on-meadow-fog-1939018753\">1939018753<\/a><br \/>K\u00fcnstler: kaetfoto \/ Shutterstock.com<br \/>Verwendung: Startseite<br \/>Vorgenommene \u00c4nderungen: Farbt\u00f6nung, Helligkeit, Kontrast, Bildgr\u00f6\u00dfe, Ausschnitt<\/p><p>Bild-ID: <a href=\"https:\/\/www.shutterstock.com\/image-photo\/landscape-twilight-sunset-thailand-442971433\">442971433<\/a><\/p><p>K\u00fcnstler: PhotoByTor \/ Shutterstock.com<br \/>Verwendung: Startseite<br \/>Vorgenommene \u00c4nderungen: Farbt\u00f6nung, Helligkeit, Kontrast, Bildgr\u00f6\u00dfe, Ausschnitt<\/p><p>Bild-ID: <a href=\"https:\/\/www.shutterstock.com\/image-vector\/cultivation-wheat-bread-baking-set-181611221\">181611221<\/a><\/p><p>K\u00fcnstler: lenaalyonushka \/ Shutterstock.com<br \/>Verwendung: Startseite<br \/>Vorgenommene \u00c4nderungen: Farbt\u00f6nung, Helligkeit, Kontrast, Bildgr\u00f6\u00dfe, Ausschnitt<\/p><p>Bild-ID: <a href=\"https:\/\/www.shutterstock.com\/image-photo\/fried-pork-steak-frying-pan-close-740215468\">740215468<\/a><\/p><p>K\u00fcnstler: Tatiana Volgutova \/ Shutterstock.com<br \/>Verwendung: Startseite<br \/>Vorgenommene \u00c4nderungen: Farbt\u00f6nung, Helligkeit, Kontrast, Bildgr\u00f6\u00dfe, Ausschnitt<\/p><p>\u00a0<\/p>\t\t\t\t\t\t<\/div>\n\t\t\t\t<\/div>\n\t\t\t\t\t<\/div>\n\t\t<\/div>\n\t\t\t\t\t\t\t<\/div>\n\t\t<\/section>\n\t\t\t\t\t\t\t<\/div>\n\t\t","protected":false},"excerpt":{"rendered":"<p>IMPRESSUM HEIMATSCHWEIN Siebenb\u00e4umen \u2014\u2014\u2014\u2014\u2014\u2014\u2014\u2014\u2014\u2014\u2014\u2014\u2014\u2014\u2014\u2014\u2013 Inken Burmester Ahrensfelder Str. 6 23847 Siebenb\u00e4umen Telefon + WhatsApp: 04501 &#8211; 8999 799 E-Mail: info@heimatschwein.de Web: heimatschwein.de Verantwortlicher i. S. d. \u00a7 5 TMG \/ \u00a710 MDStV: Inken Burmester Hinweis gem\u00e4\u00df \u00a736 Verbraucherstreitbeilegungsgesetz (VSBG): Der Verk\u00e4ufer\/Auftragnehmer wird nicht an einem Streitbeilegungsverfahren vor einer Verbraucherschlichtungsstelle im Sinne des VSBG teilnehmen und [&hellip;]<\/p>\n","protected":false},"author":1,"featured_media":0,"parent":0,"menu_order":0,"comment_status":"closed","ping_status":"closed","template":"","meta":[],"_links":{"self":[{"href":"https:\/\/vorher.heimatschwein.de\/index.php?rest_route=\/wp\/v2\/pages\/9"}],"collection":[{"href":"https:\/\/vorher.heimatschwein.de\/index.php?rest_route=\/wp\/v2\/pages"}],"about":[{"href":"https:\/\/vorher.heimatschwein.de\/index.php?rest_route=\/wp\/v2\/types\/page"}],"author":[{"embeddable":true,"href":"https:\/\/vorher.heimatschwein.de\/index.php?rest_route=\/wp\/v2\/users\/1"}],"replies":[{"embeddable":true,"href":"https:\/\/vorher.heimatschwein.de\/index.php?rest_route=%2Fwp%2Fv2%2Fcomments&post=9"}],"version-history":[{"count":52,"href":"https:\/\/vorher.heimatschwein.de\/index.php?rest_route=\/wp\/v2\/pages\/9\/revisions"}],"predecessor-version":[{"id":1693,"href":"https:\/\/vorher.heimatschwein.de\/index.php?rest_route=\/wp\/v2\/pages\/9\/revisions\/1693"}],"wp:attachment":[{"href":"https:\/\/vorher.heimatschwein.de\/index.php?rest_route=%2Fwp%2Fv2%2Fmedia&parent=9"}],"curies":[{"name":"wp","href":"https:\/\/api.w.org\/{rel}","templated":true}]}}